{"id":72,"date":"2022-10-20T08:43:13","date_gmt":"2022-10-20T08:43:13","guid":{"rendered":"https:\/\/andresvalero.es\/?page_id=72"},"modified":"2024-06-20T16:46:29","modified_gmt":"2024-06-20T16:46:29","slug":"politica-de-privacidad","status":"publish","type":"page","link":"https:\/\/andresvalero.es\/index.php\/politica-de-privacidad\/","title":{"rendered":"Pol\u00edtica de Privacidad"},"content":{"rendered":"<p>[et_pb_section fb_built=\u00bb1&#8243; _builder_version=\u00bb4.18.0&#8243; _module_preset=\u00bbdefault\u00bb background_image=\u00bbhttp:\/\/andresvalero.es\/wp-content\/uploads\/2022\/10\/cabecera-legal.jpg\u00bb global_colors_info=\u00bb{}\u00bb][et_pb_row _builder_version=\u00bb4.16&#8243; _module_preset=\u00bbdefault\u00bb global_colors_info=\u00bb{}\u00bb][et_pb_column type=\u00bb4_4&#8243; _builder_version=\u00bb4.16&#8243; _module_preset=\u00bbdefault\u00bb global_colors_info=\u00bb{}\u00bb][et_pb_text _builder_version=\u00bb4.16&#8243; _module_preset=\u00bbdefault\u00bb global_colors_info=\u00bb{}\u00bb]<\/p>\n<h1 style=\"text-align: center;\"><span style=\"color: #ffffff;\">Pol\u00edtica de Privacidad<\/span><\/h1>\n<p>[\/et_pb_text][\/et_pb_column][\/et_pb_row][\/et_pb_section][et_pb_section fb_built=\u00bb1&#8243; _builder_version=\u00bb4.16&#8243; _module_preset=\u00bbdefault\u00bb global_colors_info=\u00bb{}\u00bb][et_pb_row _builder_version=\u00bb4.16&#8243; _module_preset=\u00bbdefault\u00bb max_width=\u00bb90%\u00bb custom_margin_tablet=\u00bb\u00bb custom_margin_phone=\u00bb-39px||||false|false\u00bb custom_margin_last_edited=\u00bbon|phone\u00bb global_colors_info=\u00bb{}\u00bb][et_pb_column type=\u00bb4_4&#8243; _builder_version=\u00bb4.16&#8243; _module_preset=\u00bbdefault\u00bb global_colors_info=\u00bb{}\u00bb][et_pb_text _builder_version=\u00bb4.16&#8243; _module_preset=\u00bbdefault\u00bb global_colors_info=\u00bb{}\u00bb]<\/p>\n<div class=\"vc_row wpb_row vc_row-fluid vc_custom_1599108824930 vc_row-has-fill\">\n<div class=\"wpb_column vc_column_container vc_col-sm-12 sc_layouts_column_icons_position_left\">\n<div class=\"vc_column-inner\">\n<div class=\"wpb_wrapper\">\n<div class=\"wpb_text_column wpb_content_element \">\n<div class=\"wpb_wrapper\">\n<div class=\"vc_row wpb_row vc_row-fluid vc_custom_1599108824930 vc_row-has-fill\">\n<div class=\"wpb_column vc_column_container vc_col-sm-12 sc_layouts_column_icons_position_left\">\n<div class=\"vc_column-inner\">\n<div class=\"wpb_wrapper\">\n<div class=\"wpb_text_column wpb_content_element \">\n<div class=\"wpb_wrapper\">\n<h5>INFORMACI\u00d3N B\u00c1SICA SOBRE LA POL\u00cdTICA DE PRIVACIDAD DE PINTURAS COPINGRA S.L.<\/h5>\n<ul>\n<li><span><strong>Responsable:\u00a0<\/strong>PINTURAS ANDR\u00c9S VALERO S.L.<\/span><\/li>\n<li><span><strong>Finalidad: <\/strong>Prestar los servicios ofrecidos a trav\u00e9s de la web o atender otros tipos de relaciones que puedan surgir como consecuencia de las solicitudes, gestiones o tr\u00e1mites que el usuario realice a trav\u00e9s de \u00e9sta.<\/span><\/li>\n<li><span><strong>Legitimaci\u00f3n: <\/strong>Consentimiento del interesado seg\u00fan lo dispuesto en el Reglamento (UE) 2016\/679 y la LOPDGDD 3\/2018.<\/span><\/li>\n<li><span><strong>Destinatarios: <\/strong>Fichero interno automatizado propiedad del responsable y de terceros para el desarrollo, mantenimiento y control de la relaci\u00f3n jur\u00eddica que se establezca cuando exista autorizaci\u00f3n legal por el usuario para hacerlo.<\/span><\/li>\n<li><span><strong>Derechos: <\/strong>Acceso, Rectificaci\u00f3n, Supresi\u00f3n, Portabilidad, Limitaci\u00f3n, Oposici\u00f3n y Derecho al olvido.<\/span><\/li>\n<li><span><strong>Informaci\u00f3n Adicional: <\/strong>Puede obtener toda la Informaci\u00f3n adicional y detallada que precise sobre el tratamiento y protecci\u00f3n de sus datos personales en esta Pol\u00edtica de Privacidad.<\/span><\/li>\n<\/ul>\n<p><span><\/span><\/p>\n<p><span><\/span><\/p>\n<\/div>\n<\/div>\n<\/div>\n<\/div>\n<\/div>\n<\/div>\n<div class=\"vc_row wpb_row vc_row-fluid\">\n<div class=\"wpb_column vc_column_container vc_col-sm-12 sc_layouts_column_icons_position_left\">\n<div class=\"vc_column-inner\">\n<div class=\"wpb_wrapper\">\n<div class=\"vc_empty_space\"><span class=\"vc_empty_space_inner\"><\/span><\/div>\n<\/div>\n<\/div>\n<\/div>\n<\/div>\n<div class=\"vc_row wpb_row vc_row-fluid vc_custom_1599108853380 vc_row-has-fill\">\n<div class=\"wpb_column vc_column_container vc_col-sm-12 sc_layouts_column_icons_position_left\">\n<div class=\"vc_column-inner\">\n<div class=\"wpb_wrapper\">\n<div class=\"vc_empty_space\"><span class=\"vc_empty_space_inner\"><\/span><\/div>\n<div class=\"wpb_text_column wpb_content_element \">\n<div class=\"wpb_wrapper\">\n<h5>1. RECOGIDA, TRATAMIENTO Y USO DE LOS DATOS PERSONALES EN LA WEB<\/h5>\n<p>En base a lo dispuesto en el Reglamento General de Protecci\u00f3n de Datos 2016\/679 (RGPD) y en la Ley Org\u00e1nica 3\/2018, de Protecci\u00f3n de Datos Personales y garant\u00eda de derechos digitales (LOPDGDD), le informamos que para hacer uso algunos de los servicios que les ofrece esta web, puede ser necesario que deba de suministrar determinados datos de car\u00e1cter personal que ser\u00e1n incorporados a ficheros automatizados.<\/p>\n<p>Cumpliendo con las nuevas disposiciones del Reglamento (UE) 2016\/679 del PE y del Consejo de 27 de Abril de 2016 y de la Ley Org\u00e1nica 3\/2018, de 5 de diciembre, de Protecci\u00f3n de Datos Personales y garant\u00eda de derechos digitales, relativas a la protecci\u00f3n de las personas f\u00edsicas en lo que respecta al tratamiento de datos personales y a la libre circulaci\u00f3n de estos datos y por el que se deroga la Directiva 95\/46\/CE, se le informa que el responsable del tratamiento de los datos es:<\/p>\n<ul>\n<li><strong>Nombre:<\/strong> PINTURAS ANDR\u00c9S VALERO S.L.<\/li>\n<li><strong>DNI\/CIF:<\/strong> B04244588<\/li>\n<li><strong>Domicilio:<\/strong> Ctra. Vera a Cuevas, Km 1,\u00a0Apartado de correos 246,\u00a004620 VERA \u00b7 Almer\u00eda<\/li>\n<li><strong>Tel\u00e9fono: <\/strong>950 45 65 10<\/li>\n<li><strong>Correo Electr\u00f3nico:<\/strong> <a rel=\"nofollow noopener\" target=\"_blank\" title=\"administracion@andresvalero.es\"><span class=\"email\">info@andresvalero.es<\/span><\/a><\/li>\n<li><strong>Nombre de la Web: <\/strong>www.andresvalero.es<\/li>\n<\/ul>\n<p><span style=\"font-size: 14px;\">Para realizar cualquier tipo de observaci\u00f3n respecto a posibles incumplimientos de los derechos de propiedad intelectual o industrial, as\u00ed como sobre cualquiera de los contenidos del sitio web, puede hacerlo poni\u00e9ndose en contacto con el responsable del sitio web a trav\u00e9s de cualquiera de la direcci\u00f3n de correo electr\u00f3nico facilitada y por correo postal.<\/span><\/p>\n<p>Los contenidos del sitio web, tienen como finalidad informar a los usuarios, de los servicios ofrecidos por el responsable de la web como consecuencia de las solicitudes, gestiones o tr\u00e1mites que el adelante USUARIO realice mediante este sitio web. Los datos objeto de tratamiento ser\u00e1n aquellos que nos facilite a trav\u00e9s del formulario\/s que en cada momento contenga la p\u00e1gina o a trav\u00e9s de los correos electr\u00f3nicos que el Usuario dirija a la direcci\u00f3n\/es de correo electr\u00f3nico identificadas en la misma, as\u00ed como aquellos otros que se generen durante el mantenimiento de la relaci\u00f3n correspondiente.<\/p>\n<p>Todos los campos que puedan aparecer \u00a0\u00a0se\u00f1alados como obligatorios en el formulario deber\u00e1n ser cumplimentados necesariamente, de tal modo que la omisi\u00f3n de alguno de ellos podr\u00e1 comportar la imposibilidad de que se pueda atender su solicitud o prestarle los servicios correspondientes.<\/p>\n<p>Adicionalmente, durante dicha recogida de datos, es posible que se solicite su consentimiento para otra serie de finalidades que no guardan una relaci\u00f3n directa con el servicio o la relaci\u00f3n correspondiente. En el caso de que no est\u00e9 de acuerdo con dichos tratamientos adicionales, p\u00f3ngase en contacto con el responsable del sitio web a trav\u00e9s del \u00a0correo electr\u00f3nico facilitado.<\/p>\n<p>Solicitantes de informaci\u00f3n: Los datos personales utilizados en estos casos, proceden del propio interesado, el cual los proporciona al responsable de la web al completar el formulario de contacto contenido en el sitio web, al efectuar una llamada telef\u00f3nica, o al enviar un correo electr\u00f3nico.<\/p>\n<p>Estos datos se utilizan con la finalidad de resolver las consultas y proporcionar informaci\u00f3n a aquellos que lo demanden o lo autoricen expresamente, principalmente por medio del correo electr\u00f3nico.<\/p>\n<p>La persona que acceda a este sitio web asegura que tiene la edad m\u00ednima legal (14 a\u00f1os) establecida por el Reglamento General de Protecci\u00f3n de Datos 2016\/679 y Ley Org\u00e1nica 3\/2018, de Protecci\u00f3n de Datos Personales y garant\u00eda de derechos digitales (LOPDGDD), o por la normativa nacional que le sea de aplicaci\u00f3n para otorgar el consentimiento en relaci\u00f3n con los Servicios de la Sociedad de la Informaci\u00f3n.<\/p>\n<p>Mediante el acceso a este sitio web, el Usuario acepta expresamente todas las cl\u00e1usulas de su informaci\u00f3n legal, de esta pol\u00edtica de privacidad y de su pol\u00edtica de cookies, as\u00ed como de todas aquellas condiciones particulares recogidas para la utilizaci\u00f3n de determinados servicios. En caso de no aceptar alguna de las citadas cl\u00e1usulas, el Usuario deber\u00e1 abstenerse de acceder a este sitio web.<\/p>\n<p>Al acceder el Usuario a las posibles cuentas del responsable del sitio web en las redes sociales acepta el tratamiento de sus datos personales por parte de las mismas seg\u00fan sus pol\u00edticas de privacidad.<\/p>\n<p>&nbsp;<\/p>\n<\/div>\n<\/div>\n<\/div>\n<\/div>\n<\/div>\n<\/div>\n<div class=\"vc_row wpb_row vc_row-fluid vc_custom_1599108861139 vc_row-has-fill\">\n<div class=\"wpb_column vc_column_container vc_col-sm-12 sc_layouts_column_icons_position_left\">\n<div class=\"vc_column-inner\">\n<div class=\"wpb_wrapper\">\n<div class=\"wpb_text_column wpb_content_element \">\n<div class=\"wpb_wrapper\">\n<h5>2. FINALIDAD DEL TRATAMIENTO DE LOS DATOS PERSONALES.<\/h5>\n<h6><span>2.1. \u00bfCon qu\u00e9 finalidad se tratar\u00e1n sus datos personales?<\/span><\/h6>\n<p>El responsable del sitio web tratar\u00e1 sus datos personales recabados a trav\u00e9s del sitio web con las siguientes finalidades:<\/p>\n<ul>\n<li>Env\u00edo de informaci\u00f3n solicitada a trav\u00e9s del formulario\/s de contacto dispuestos en el sitio web para la finalidad solicitar cualquier tipo de consulta relacionada con los productos o servicios que presta el responsable del sitio web.<\/li>\n<li>Analizar el perfil del usuario con el motivo de optimizar, medir y personalizar el uso del sitio web.<\/li>\n<li>Recogida de datos y curr\u00edculum vitae de personas interesadas en participar en los procesos de selecci\u00f3n de personal para la contrataci\u00f3n de empleados por parte del responsable del sitio web.<\/li>\n<li>Remitir boletines \u201cnewsletters\u201d, as\u00ed como comunicaciones comerciales de promociones y\/o publicidad del responsable del sitio web.<\/li>\n<\/ul>\n<p>\u00a0Asimismo, le recordamos que puede oponerse al env\u00edo de comunicaciones comerciales por cualquier v\u00eda y en cualquier momento, dirigi\u00e9ndose al responsable del sitio web por correo postal o por correo electr\u00f3nico.<\/p>\n<p>Los campos de dichos registros son de cumplimentaci\u00f3n obligatoria, siendo imposible realizar las finalidades expresadas si no se aportan esos datos.<\/p>\n<h6><span>2.2. \u00bfPor cu\u00e1nto tiempo se conservan los datos personales recabados?<\/span><\/h6>\n<p><span>Los datos personales proporcionados se conservar\u00e1n mientras se gestiona su comunicaci\u00f3n y\/o no solicite su supresi\u00f3n y durante el tiempo m\u00ednimo necesario para cumplir con las obligaciones legales o pudieran derivarse responsabilidades legales por los servicios prestados.<\/span><span><\/span><\/p>\n<\/div>\n<\/div>\n<div class=\"vc_empty_space\"><span class=\"vc_empty_space_inner\"><\/span><\/div>\n<\/div>\n<\/div>\n<\/div>\n<\/div>\n<div class=\"vc_row wpb_row vc_row-fluid vc_custom_1599108868603 vc_row-has-fill\">\n<div class=\"wpb_column vc_column_container vc_col-sm-12 sc_layouts_column_icons_position_left\">\n<div class=\"vc_column-inner\">\n<div class=\"wpb_wrapper\">\n<div class=\"vc_empty_space\"><span class=\"vc_empty_space_inner\"><\/span><\/div>\n<div class=\"wpb_text_column wpb_content_element \">\n<div class=\"wpb_wrapper\">\n<h5>3. LEGITIMACI\u00d3N.<\/h5>\n<p>El tratamiento de sus datos se realiza con las siguientes bases jur\u00eddicas que legitiman el mismo tales como el consentimiento libre, espec\u00edfico, informado e inequ\u00edvoco, en tanto que le informamos poniendo a su disposici\u00f3n la presente pol\u00edtica de privacidad.<\/p>\n<p>En caso de que no nos facilite sus datos o lo haga de forma err\u00f3nea o incompleta, no podremos atender su solicitud, resultando del todo imposible proporcionarle la informaci\u00f3n solicitada o llevar a cabo la contrataci\u00f3n de los servicios.<\/p>\n<\/div>\n<\/div>\n<div class=\"vc_empty_space\"><span class=\"vc_empty_space_inner\"><\/span><\/div>\n<\/div>\n<\/div>\n<\/div>\n<\/div>\n<div class=\"vc_row wpb_row vc_row-fluid vc_custom_1599108876303 vc_row-has-fill\">\n<div class=\"wpb_column vc_column_container vc_col-sm-12 sc_layouts_column_icons_position_left\">\n<div class=\"vc_column-inner\">\n<div class=\"wpb_wrapper\">\n<div class=\"vc_empty_space\"><span class=\"vc_empty_space_inner\"><\/span><\/div>\n<div class=\"wpb_text_column wpb_content_element \">\n<div class=\"wpb_wrapper\">\n<h5>4. GARANT\u00cdA.<\/h5>\n<p>El Usuario garantiza que los datos aportados son verdaderos, exactos, completos y actualizados, siendo responsable de cualquier da\u00f1o o perjuicio, directo o indirecto, que pudiera ocasionarse como consecuencia del incumplimiento de tal obligaci\u00f3n. En el caso de que los datos aportados pertenecieran a un tercero, el Usuario garantiza que ha informado a dicho tercero y obtenido su autorizaci\u00f3n para facilitar sus datos personales al responsable del sitio web.<\/p>\n<\/div>\n<\/div>\n<div class=\"vc_empty_space\"><span class=\"vc_empty_space_inner\"><\/span><\/div>\n<\/div>\n<\/div>\n<\/div>\n<\/div>\n<div class=\"vc_row wpb_row vc_row-fluid vc_custom_1599108882645 vc_row-has-fill\">\n<div class=\"wpb_column vc_column_container vc_col-sm-12 sc_layouts_column_icons_position_left\">\n<div class=\"vc_column-inner\">\n<div class=\"wpb_wrapper\">\n<div class=\"vc_empty_space\"><span class=\"vc_empty_space_inner\"><\/span><\/div>\n<div class=\"wpb_text_column wpb_content_element \">\n<div class=\"wpb_wrapper\">\n<h5>5. CONSERVACI\u00d3N DE DATOS.<\/h5>\n<p>Sus datos se conservar\u00e1n mientras se mantenga la relaci\u00f3n contractual o durante los a\u00f1os necesarios para cumplir con las obligaciones legales, mientras no solicite su cese o durante el tiempo necesario para la realizaci\u00f3n de los fines necesarios para los que fueron recabados.<\/p>\n<\/div>\n<\/div>\n<div class=\"vc_empty_space\"><span class=\"vc_empty_space_inner\"><\/span><\/div>\n<\/div>\n<\/div>\n<\/div>\n<\/div>\n<div class=\"vc_row wpb_row vc_row-fluid vc_custom_1599108889308 vc_row-has-fill\">\n<div class=\"wpb_column vc_column_container vc_col-sm-12 sc_layouts_column_icons_position_left\">\n<div class=\"vc_column-inner\">\n<div class=\"wpb_wrapper\">\n<div class=\"vc_empty_space\"><span class=\"vc_empty_space_inner\"><\/span><\/div>\n<div class=\"wpb_text_column wpb_content_element \">\n<div class=\"wpb_wrapper\">\n<h5>6. DESTINATARIOS.<\/h5>\n<p>Sus datos ser\u00e1n conservados bajo estrictas medidas de seguridad que garanticen la confidencialidad y la seguridad de los mismos. S\u00f3lo ser\u00e1n cedidos para las siguientes finalidades:<\/p>\n<ul>\n<li>Entidades y proveedores que prestan servicios al responsable del sitio web para la correcta realizaci\u00f3n de estos servicios. Dichas entidades y proveedores se encuentran debidamente acreditados y firman con el responsable del sitio web el correspondiente contrato de tratamiento de datos en cumplimiento de la normativa de protecci\u00f3n de datos vigente.<\/li>\n<li>Organismos y entidades oficiales en cumplimiento de las normativas y leyes vigentes.<\/li>\n<\/ul>\n<p>Cualquier transferencia internacional de datos al usar aplicaciones americanas, estar\u00e1 adherida al convenio Privacy Shield, que garantiza que las empresas de software americano cumplen las pol\u00edticas de protecci\u00f3n de datos europeas en materia de privacidad.<\/p>\n<p>Los datos no se comunicar\u00e1n a ning\u00fan tercero ajeno al responsable del sitio web fuera de los casos anteriormente descritos, salvo obligaci\u00f3n legal o autorizaci\u00f3n previa.<\/p>\n<\/div>\n<\/div>\n<div class=\"vc_empty_space\"><span class=\"vc_empty_space_inner\"><\/span><\/div>\n<\/div>\n<\/div>\n<\/div>\n<\/div>\n<div class=\"vc_row wpb_row vc_row-fluid vc_custom_1599108896587 vc_row-has-fill\">\n<div class=\"wpb_column vc_column_container vc_col-sm-12 sc_layouts_column_icons_position_left\">\n<div class=\"vc_column-inner\">\n<div class=\"wpb_wrapper\">\n<div class=\"vc_empty_space\"><span class=\"vc_empty_space_inner\"><\/span><\/div>\n<div class=\"wpb_text_column wpb_content_element \">\n<div class=\"wpb_wrapper\">\n<h5>7. DERECHOS.<\/h5>\n<p>Como interesado que nos ha proporcionado sus datos personales, tiene pleno derecho para ejercitar los siguientes derechos que la normativa en materia de protecci\u00f3n de datos le reconoce, conforme a lo previsto en la misma:<\/p>\n<ul>\n<li>Derecho de ACCESO a sus datos personales.<\/li>\n<li>Derechos de solicitar la RECTIFICACI\u00d3N de los datos inexactos.<\/li>\n<li>Derecho de solicitar su SUPRESI\u00d3N cuando, entre otros motivos, los datos ya no sean necesarios para los fines que fueron recogidos.<\/li>\n<li>En determinadas circunstancias, podr\u00e1 solicitar la LIMITACI\u00d3N DEL TRATAMIENTO de sus datos, en cuyo caso \u00fanicamente los conservaremos para el ejercicio o la defensa de reclamaciones.<\/li>\n<li>En determinadas circunstancias y por motivos relacionados con su situaci\u00f3n particular, los interesados podr\u00e1n ejercitar su derecho de OPOSICI\u00d3N al tratamiento de sus datos. Dejaremos de tratar los datos, salvo por motivos leg\u00edtimos imperiosos, o el ejercicio o la defensa de posibles reclamaciones.<\/li>\n<li>En determinadas circunstancias y por motivos relacionados con tu situaci\u00f3n particular, podr\u00e1 solicitar su derecho a la PORTABILIDAD de los datos.<\/li>\n<\/ul>\n<p>Podr\u00e1 ejercer tales derechos o solicitar informaci\u00f3n adicional presentando copia de un documento identificativo y exponiendo su caso y el derecho que quiere ejercer, mediante carta postal dirigida al responsable del sitio web o a trav\u00e9s de la direcci\u00f3n de correo electr\u00f3nico facilitada.<\/p>\n<p>Adem\u00e1s, en caso de que se haya vulnerado cualquiera de tus derechos, el interesado tiene derecho a presentar una reclamaci\u00f3n ante la Agencia Espa\u00f1ola de Protecci\u00f3n de Datos (AEPD), en C\/ Jorge Juan, 6, 28001-Madrid o a trav\u00e9s de la sede electr\u00f3nica de la AEPD: <a href=\"https:\/\/sedeagpd.gob.es\/sede-electronica-web\/\">https:\/\/sedeagpd.gob.es\/sede-electronica-web\/<\/a>.<\/p>\n<p>&nbsp;<\/p>\n<\/div>\n<\/div>\n<div class=\"vc_empty_space\"><span class=\"vc_empty_space_inner\"><\/span><\/div>\n<\/div>\n<\/div>\n<\/div>\n<\/div>\n<div class=\"vc_row wpb_row vc_row-fluid\">\n<div class=\"wpb_column vc_column_container vc_col-sm-12 sc_layouts_column_icons_position_left\">\n<div class=\"vc_column-inner\">\n<div class=\"wpb_wrapper\">\n<div class=\"vc_empty_space\"><span class=\"vc_empty_space_inner\"><\/span><\/div>\n<\/div>\n<\/div>\n<\/div>\n<\/div>\n<div class=\"vc_row wpb_row vc_row-fluid vc_custom_1599108950204 vc_row-has-fill\">\n<div class=\"wpb_column vc_column_container vc_col-sm-12 sc_layouts_column_icons_position_left\">\n<div class=\"vc_column-inner\">\n<div class=\"wpb_wrapper\">\n<div class=\"vc_empty_space\"><span class=\"vc_empty_space_inner\"><\/span><\/div>\n<div class=\"wpb_text_column wpb_content_element \">\n<div class=\"wpb_wrapper\">\n<h5>8. DURACI\u00d3N Y MODIFICACI\u00d3N DE LA POL\u00cdTICA DE PRIVACIDAD.<\/h5>\n<p>El responsable del sitio web, se reserva el derecho a modificar, total o parcialmente, la presente Pol\u00edtica de Privacidad, publicando los cambios en el sitio web. Asimismo, podr\u00e1 efectuar sin previo aviso las modificaciones que considere oportunas, pudiendo cambiar, suprimir o a\u00f1adir tanto los contenidos y servicios que presta, como la forma en la que \u00e9stos aparezcan presentados o localizados. En consecuencia, se entender\u00e1n como vigentes, las condiciones generales\/pol\u00edticas que est\u00e9n publicadas en el momento en el que el Usuario acceda deber\u00e1 leerlas peri\u00f3dicamente.<\/p>\n<p>Con independencia de lo dispuesto, el responsable de la web podr\u00e1 dar por terminado, suspender o interrumpir, en cualquier momento sin necesidad de preaviso, el acceso a los contenidos del sitio web, sin posibilidad por parte del Usuario de exigir indemnizaci\u00f3n alguna.<\/p>\n<\/div>\n<\/div>\n<\/div>\n<\/div>\n<\/div>\n<\/div>\n<\/div>\n<\/div>\n<\/div>\n<\/div>\n<\/div>\n<\/div>\n<p>[\/et_pb_text][\/et_pb_column][\/et_pb_row][\/et_pb_section]<\/p>\n","protected":false},"excerpt":{"rendered":"<p>Pol\u00edtica de Privacidad INFORMACI\u00d3N B\u00c1SICA SOBRE LA POL\u00cdTICA DE PRIVACIDAD DE PINTURAS COPINGRA S.L. Responsable:\u00a0PINTURAS ANDR\u00c9S VALERO S.L. Finalidad: Prestar los servicios ofrecidos a trav\u00e9s de la web o atender otros tipos de relaciones que puedan surgir como consecuencia de las solicitudes, gestiones o tr\u00e1mites que el usuario realice a trav\u00e9s de \u00e9sta. Legitimaci\u00f3n: Consentimiento [&hellip;]<\/p>\n","protected":false},"author":1,"featured_media":0,"parent":0,"menu_order":0,"comment_status":"closed","ping_status":"closed","template":"","meta":{"_et_pb_use_builder":"on","_et_pb_old_content":"<!-- wp:divi\/placeholder \/-->","_et_gb_content_width":"","footnotes":""},"class_list":["post-72","page","type-page","status-publish","hentry"],"_links":{"self":[{"href":"https:\/\/andresvalero.es\/index.php\/wp-json\/wp\/v2\/pages\/72","targetHints":{"allow":["GET"]}}],"collection":[{"href":"https:\/\/andresvalero.es\/index.php\/wp-json\/wp\/v2\/pages"}],"about":[{"href":"https:\/\/andresvalero.es\/index.php\/wp-json\/wp\/v2\/types\/page"}],"author":[{"embeddable":true,"href":"https:\/\/andresvalero.es\/index.php\/wp-json\/wp\/v2\/users\/1"}],"replies":[{"embeddable":true,"href":"https:\/\/andresvalero.es\/index.php\/wp-json\/wp\/v2\/comments?post=72"}],"version-history":[{"count":4,"href":"https:\/\/andresvalero.es\/index.php\/wp-json\/wp\/v2\/pages\/72\/revisions"}],"predecessor-version":[{"id":1750,"href":"https:\/\/andresvalero.es\/index.php\/wp-json\/wp\/v2\/pages\/72\/revisions\/1750"}],"wp:attachment":[{"href":"https:\/\/andresvalero.es\/index.php\/wp-json\/wp\/v2\/media?parent=72"}],"curies":[{"name":"wp","href":"https:\/\/api.w.org\/{rel}","templated":true}]}}